{"id":41,"date":"2023-06-08T12:34:34","date_gmt":"2023-06-08T12:34:34","guid":{"rendered":"https:\/\/www.mediho.me\/?page_id=41"},"modified":"2026-02-13T06:44:16","modified_gmt":"2026-02-13T06:44:16","slug":"home-page","status":"publish","type":"page","link":"https:\/\/www.mediho.me\/","title":{"rendered":"Home page"},"content":{"rendered":"\n<div class=\"wp-block-columns alignwide is-layout-flex wp-container-core-columns-is-layout-9d6595d7 wp-block-columns-is-layout-flex\">\n<div class=\"wp-block-column is-vertically-aligned-center is-layout-flow wp-block-column-is-layout-flow\" style=\"flex-basis:650px\">\n<h2 class=\"wp-block-heading has-text-color\" style=\"color:#2b3861;font-size:39px\"><strong>Digitalizace zdravotnictv\u00ed zam\u011b\u0159en\u00e9 na pacienty a poskytovatele<\/strong><\/h2>\n\n\n\n<p class=\"has-text-color\" style=\"color:#273f50\">Jsme tady, abychom propojili inovativn\u00ed technologie s klinickou prax\u00ed a zlep\u0161ili zdravotn\u00ed p\u00e9\u010di. Sledujeme trendy v digit\u00e1ln\u00edm zdravotnictv\u00ed a p\u0159in\u00e1\u0161\u00edme je do praxe, abychom v\u00e1m poskytli nejlep\u0161\u00ed mo\u017enou p\u00e9\u010di. Spolupracujeme s odborn\u00edky a institucemi, abychom v\u00e1m p\u0159edstavili modern\u00ed technologie a postupy.<\/p>\n\n\n\n<p class=\"has-text-color\" style=\"color:#273f50\">Na\u0161e mise je vytvo\u0159it prost\u0159ed\u00ed, kde digit\u00e1ln\u00ed n\u00e1stroje podporuj\u00ed pacienty a poskytovatele po celou zdravotn\u00ed cestu. Jsme tu, abychom v\u00e1s inspirovali, informovali a pomohli vyu\u017e\u00edt v\u00fdhody digit\u00e1ln\u00edch technologi\u00ed ve V\u00e1\u0161 prosp\u011bch.<\/p>\n\n\n\n<p class=\"has-text-color\" style=\"color:#273f50\">P\u0159ipojte se k n\u00e1m a objevte novou \u00e9ru digit\u00e1ln\u00edho zdravotnictv\u00ed. Spole\u010dn\u011b m\u016f\u017eeme dos\u00e1hnout v\u011bt\u0161\u00edho pohodl\u00ed, efektivity a kvality p\u00e9\u010de pro v\u0161echny.<\/p>\n\n\n\n<div class=\"wp-block-buttons is-content-justification-right is-layout-flex wp-container-core-buttons-is-layout-765c4724 wp-block-buttons-is-layout-flex\">\n<div class=\"wp-block-button is-style-outline is-style-outline--1\"><a class=\"wp-block-button__link has-text-color has-text-align-left wp-element-button\" href=\"#products\" style=\"color:#2b3861\"><strong>Zjistit v\u00edce<\/strong><\/a><\/div>\n<\/div>\n<\/div>\n\n\n\n<div class=\"wp-block-column is-layout-flow wp-block-column-is-layout-flow\">\n<figure class=\"wp-block-image size-large\"><img loading=\"lazy\" decoding=\"async\" width=\"1024\" height=\"640\" src=\"https:\/\/www.mediho.me\/wp-content\/uploads\/2023\/06\/Obr.V-1-no-text--1024x640.jpg\" alt=\"\" class=\"wp-image-127\" srcset=\"https:\/\/www.mediho.me\/wp-content\/uploads\/2023\/06\/Obr.V-1-no-text--1024x640.jpg 1024w, https:\/\/www.mediho.me\/wp-content\/uploads\/2023\/06\/Obr.V-1-no-text--300x187.jpg 300w, https:\/\/www.mediho.me\/wp-content\/uploads\/2023\/06\/Obr.V-1-no-text--768x480.jpg 768w, https:\/\/www.mediho.me\/wp-content\/uploads\/2023\/06\/Obr.V-1-no-text--1536x959.jpg 1536w, https:\/\/www.mediho.me\/wp-content\/uploads\/2023\/06\/Obr.V-1-no-text--2048x1279.jpg 2048w\" sizes=\"auto, (max-width: 1024px) 100vw, 1024px\" \/><\/figure>\n<\/div>\n<\/div>\n\n\n\n<div class=\"wp-block-columns alignwide is-layout-flex wp-container-core-columns-is-layout-9d6595d7 wp-block-columns-is-layout-flex\">\n<div class=\"wp-block-column is-vertically-aligned-center is-layout-flow wp-block-column-is-layout-flow\" style=\"flex-basis:650px\">\n<h2 class=\"wp-block-heading has-text-color\" id=\"onas\" style=\"color:#2b3861;font-size:39px\"><strong>Navigace v digit\u00e1ln\u00edm sv\u011bt\u011b<\/strong><\/h2>\n\n\n\n<p class=\"has-text-color\" style=\"color:#273f50\">Na\u0161e t\u00e9ma je Digital Health. Jsme t\u00fdm zku\u0161en\u00fdch expert\u016f s mnohaletou prax\u00ed ve zdravotnick\u00e9 informatice. V Medihome se d\u00edv\u00e1me dop\u0159edu, v\u00edme, kam se zdravotnictv\u00ed vyv\u00edj\u00ed, jak\u00e9 kroky v digitalizaci p\u0159ich\u00e1zej\u00ed a jak je nejl\u00e9pe vyu\u017e\u00edt pro zlep\u0161ov\u00e1n\u00ed zdravotn\u00ed p\u00e9\u010de. Kombinujeme znalost lok\u00e1ln\u00edho prost\u0159ed\u00ed se sv\u011btov\u00fdmi inovacemi a dok\u00e1\u017eeme p\u0159edv\u00eddat trendy, kter\u00e9 pom\u00e1haj\u00ed na\u0161im z\u00e1kazn\u00edk\u016fm vyu\u017e\u00edt v\u00fdhody digitalizace pro zlep\u0161ov\u00e1n\u00ed jejich hlavn\u00ed \u010dinnosti &#8211; poskytov\u00e1n\u00ed kvalitn\u00ed, bezpe\u010dn\u00e9 a dostupn\u00e9 zdravotn\u00ed p\u00e9\u010de pacient\u016f.<\/p>\n\n\n\n<p class=\"has-text-color\" style=\"color:#273f50\">N\u00e1\u0161 p\u0159\u00edstup se zam\u011b\u0159uje na p\u0159enos dobr\u00e9 praxe a inspirace od nejlep\u0161\u00edch v oboru, a to p\u0159i dostupn\u00e9 realizaci v m\u00edstn\u00edch mo\u017enostech a podm\u00ednk\u00e1ch. Jsme spole\u010dnost, kter\u00e1 vyu\u017e\u00edv\u00e1 mnohalet\u00e9  zku\u0161enost\u00ed v oboru p\u0159i \u00fasp\u011b\u0161n\u00e9m v\u00fdvoji a zav\u00e1d\u011bn\u00ed funk\u010dn\u00edch digit\u00e1ln\u00edch zdravotnick\u00fdch \u0159e\u0161en\u00ed na trhu. Spole\u010dn\u011b jsme vytvo\u0159ili, otestovali a nasadili agiln\u00ed syst\u00e9my zalo\u017een\u00e9 na datech a um\u011bl\u00e9 inteligenci &#8211; od n\u00e1padu a\u017e po \u00fasp\u011b\u0161n\u00fd business v\u00fdstup.&nbsp;<\/p>\n<\/div>\n\n\n\n<div class=\"wp-block-column is-vertically-aligned-center is-layout-flow wp-block-column-is-layout-flow\">\n<figure class=\"wp-block-image size-large\"><img loading=\"lazy\" decoding=\"async\" width=\"1024\" height=\"642\" src=\"https:\/\/www.mediho.me\/wp-content\/uploads\/2023\/06\/Obr.N-5-no-text-1024x642.jpg\" alt=\"\" class=\"wp-image-128\" srcset=\"https:\/\/www.mediho.me\/wp-content\/uploads\/2023\/06\/Obr.N-5-no-text-1024x642.jpg 1024w, https:\/\/www.mediho.me\/wp-content\/uploads\/2023\/06\/Obr.N-5-no-text-300x188.jpg 300w, https:\/\/www.mediho.me\/wp-content\/uploads\/2023\/06\/Obr.N-5-no-text-768x481.jpg 768w, https:\/\/www.mediho.me\/wp-content\/uploads\/2023\/06\/Obr.N-5-no-text-1536x963.jpg 1536w, https:\/\/www.mediho.me\/wp-content\/uploads\/2023\/06\/Obr.N-5-no-text-2048x1283.jpg 2048w\" sizes=\"auto, (max-width: 1024px) 100vw, 1024px\" \/><\/figure>\n<\/div>\n<\/div>\n\n\n\n<div style=\"height:100px\" aria-hidden=\"true\" class=\"wp-block-spacer\"><\/div>\n\n\n\n<div class=\"wp-block-group alignwide\"><div class=\"wp-block-group__inner-container is-layout-constrained wp-block-group-is-layout-constrained\">\n<div class=\"wp-block-columns alignwide is-layout-flex wp-container-core-columns-is-layout-9d6595d7 wp-block-columns-is-layout-flex\">\n<div class=\"wp-block-column is-vertically-aligned-center is-layout-flow wp-block-column-is-layout-flow\" style=\"flex-basis:650px\">\n<h2 class=\"wp-block-heading has-text-color\" id=\"products\" style=\"color:#2b3861;font-size:39px\"><strong>Produkty a slu\u017eby<\/strong><\/h2>\n<\/div>\n\n\n\n<div class=\"wp-block-column is-vertically-aligned-center is-layout-flow wp-block-column-is-layout-flow\"><\/div>\n<\/div>\n\n\n\n<div class=\"wp-block-columns alignwide is-layout-flex wp-container-core-columns-is-layout-9d6595d7 wp-block-columns-is-layout-flex\">\n<div class=\"wp-block-column is-vertically-aligned-center is-layout-flow wp-block-column-is-layout-flow\" style=\"flex-basis:650px\"><div class=\"wp-block-image\">\n<figure class=\"aligncenter size-large is-resized\"><img loading=\"lazy\" decoding=\"async\" width=\"1024\" height=\"640\" src=\"https:\/\/www.mediho.me\/wp-content\/uploads\/2023\/06\/Obr.V-2-no-text--1024x640.jpg\" alt=\"\" class=\"wp-image-129\" style=\"width:512px;height:320px\" srcset=\"https:\/\/www.mediho.me\/wp-content\/uploads\/2023\/06\/Obr.V-2-no-text--1024x640.jpg 1024w, https:\/\/www.mediho.me\/wp-content\/uploads\/2023\/06\/Obr.V-2-no-text--300x188.jpg 300w, https:\/\/www.mediho.me\/wp-content\/uploads\/2023\/06\/Obr.V-2-no-text--768x480.jpg 768w, https:\/\/www.mediho.me\/wp-content\/uploads\/2023\/06\/Obr.V-2-no-text--1536x960.jpg 1536w, https:\/\/www.mediho.me\/wp-content\/uploads\/2023\/06\/Obr.V-2-no-text--2048x1280.jpg 2048w\" sizes=\"auto, (max-width: 1024px) 100vw, 1024px\" \/><\/figure>\n<\/div><\/div>\n\n\n\n<div class=\"wp-block-column is-layout-flow wp-block-column-is-layout-flow\">\n<h3 class=\"wp-block-heading has-text-color\" style=\"color:#2b3861\"><strong>Nemocni\u010dn\u00ed informa\u010dn\u00ed syst\u00e9m&nbsp;IQVIA HIS<\/strong><\/h3>\n\n\n\n<p class=\"has-text-color\" style=\"color:#273f50\">P\u0159edstavujeme IQVIA HIS, inovativn\u00ed nemocni\u010dn\u00ed informa\u010dn\u00ed syst\u00e9m zam\u011b\u0159en\u00fd na pacientskou p\u00e9\u010di. Optimalizujeme procesy, zlep\u0161ujeme komunikaci a zaji\u0161\u0165ujeme bezpe\u010d\u00ed zdravotn\u00edch dat. Spole\u010dn\u011b transformujeme tradi\u010dn\u00ed p\u0159\u00edstup a p\u0159in\u00e1\u0161\u00edme modern\u00ed \u0159e\u0161en\u00ed pro efektivn\u011bj\u0161\u00ed a kvalitn\u011bj\u0161\u00ed p\u00e9\u010di. P\u0159ipravte se na novou \u00e9ru digit\u00e1ln\u00edho zdravotnictv\u00ed s IQVIA HIS.<\/p>\n\n\n\n<div class=\"wp-block-buttons is-content-justification-left is-layout-flex wp-container-core-buttons-is-layout-fdcfc74e wp-block-buttons-is-layout-flex\">\n<div class=\"wp-block-button is-style-outline is-style-outline--2\"><a class=\"wp-block-button__link has-text-color has-text-align-left wp-element-button\" href=\"http:\/\/mediho.me\/?page_id=117\" style=\"color:#2b3861\"><strong>Zjistit v\u00edce<\/strong><\/a><\/div>\n<\/div>\n<\/div>\n<\/div>\n\n\n\n<div class=\"wp-block-columns alignwide is-layout-flex wp-container-core-columns-is-layout-9d6595d7 wp-block-columns-is-layout-flex\">\n<div class=\"wp-block-column is-vertically-aligned-center is-layout-flow wp-block-column-is-layout-flow\" style=\"flex-basis:650px\"><div class=\"wp-block-image\">\n<figure class=\"aligncenter size-large is-resized\"><img loading=\"lazy\" decoding=\"async\" width=\"1024\" height=\"640\" src=\"https:\/\/www.mediho.me\/wp-content\/uploads\/2023\/06\/Obr.N-3-no-text--1024x640.jpg\" alt=\"\" class=\"wp-image-130\" style=\"width:512px;height:320px\" srcset=\"https:\/\/www.mediho.me\/wp-content\/uploads\/2023\/06\/Obr.N-3-no-text--1024x640.jpg 1024w, https:\/\/www.mediho.me\/wp-content\/uploads\/2023\/06\/Obr.N-3-no-text--300x188.jpg 300w, https:\/\/www.mediho.me\/wp-content\/uploads\/2023\/06\/Obr.N-3-no-text--768x480.jpg 768w, https:\/\/www.mediho.me\/wp-content\/uploads\/2023\/06\/Obr.N-3-no-text--1536x960.jpg 1536w, https:\/\/www.mediho.me\/wp-content\/uploads\/2023\/06\/Obr.N-3-no-text--2048x1280.jpg 2048w\" sizes=\"auto, (max-width: 1024px) 100vw, 1024px\" \/><\/figure>\n<\/div><\/div>\n\n\n\n<div class=\"wp-block-column is-layout-flow wp-block-column-is-layout-flow\">\n<h3 class=\"wp-block-heading has-text-color\" id=\"RemotePM\" style=\"color:#2b3861\"><strong>Platforma pro vzd\u00e1len\u00fd monitoring pacient\u016f<\/strong><\/h3>\n\n\n\n<p class=\"has-text-color\" style=\"color:#273f50\">P\u0159edstavujeme v\u00e1m na\u0161i inovativn\u00ed platformu pro vzd\u00e1len\u00fd monitoring pacient\u016f. S vyu\u017eit\u00edm modern\u00edch technologi\u00ed a digit\u00e1ln\u00edch n\u00e1stroj\u016f umo\u017e\u0148ujeme neinvazivn\u00ed sledov\u00e1n\u00ed zdravotn\u00edho stavu pacient\u016f z pohodl\u00ed jejich domova. Poskytujeme kompletn\u00ed a p\u0159esn\u00e9 informace l\u00e9ka\u0159\u016fm pro rychlou reakci a efektivn\u00ed l\u00e9\u010dbu. Spole\u010dn\u011b m\u011bn\u00edme zp\u016fsob, jak\u00fdm se o pacienty star\u00e1me a umo\u017e\u0148ujeme jim vy\u0161\u0161\u00ed kvalitu \u017eivota s minim\u00e1ln\u00edmi obt\u00ed\u017eemi.<\/p>\n<\/div>\n<\/div>\n\n\n\n<div class=\"wp-block-columns alignwide is-layout-flex wp-container-core-columns-is-layout-9d6595d7 wp-block-columns-is-layout-flex\">\n<div class=\"wp-block-column is-vertically-aligned-center is-layout-flow wp-block-column-is-layout-flow\" style=\"flex-basis:650px\"><div class=\"wp-block-image\">\n<figure class=\"aligncenter size-large is-resized\"><img loading=\"lazy\" decoding=\"async\" width=\"1024\" height=\"640\" src=\"https:\/\/www.mediho.me\/wp-content\/uploads\/2023\/06\/Obr.N-4-no-text--1024x640.jpg\" alt=\"\" class=\"wp-image-131\" style=\"width:510px;height:auto\" srcset=\"https:\/\/www.mediho.me\/wp-content\/uploads\/2023\/06\/Obr.N-4-no-text--1024x640.jpg 1024w, https:\/\/www.mediho.me\/wp-content\/uploads\/2023\/06\/Obr.N-4-no-text--300x188.jpg 300w, https:\/\/www.mediho.me\/wp-content\/uploads\/2023\/06\/Obr.N-4-no-text--768x480.jpg 768w, https:\/\/www.mediho.me\/wp-content\/uploads\/2023\/06\/Obr.N-4-no-text--1536x960.jpg 1536w, https:\/\/www.mediho.me\/wp-content\/uploads\/2023\/06\/Obr.N-4-no-text--2048x1280.jpg 2048w\" sizes=\"auto, (max-width: 1024px) 100vw, 1024px\" \/><\/figure>\n<\/div><\/div>\n\n\n\n<div class=\"wp-block-column is-layout-flow wp-block-column-is-layout-flow\">\n<h3 class=\"wp-block-heading has-text-color\" id=\"consulting\" style=\"color:#2b3861\"><strong>Konzulta\u010dn\u00ed slu\u017eby, poradenstv\u00ed<\/strong><\/h3>\n\n\n\n<p class=\"has-text-color\" style=\"color:#273f50\">Jsme v\u00e1\u0161 d\u016fv\u011bryhodn\u00fd partner v poskytov\u00e1n\u00ed konzulta\u010dn\u00edch slu\u017eeb a poradenstv\u00ed v oblasti zdravotnictv\u00ed. S na\u0161\u00edm zku\u0161en\u00fdm t\u00fdmem odborn\u00edk\u016f v\u00e1m pom\u00e1h\u00e1me dos\u00e1hnout \u00fasp\u011bchu v r\u00e1mci digit\u00e1ln\u00ed transformace a optimalizace va\u0161ich proces\u016f. S na\u0161imi \u0161irok\u00fdmi znalostmi a expertise v oboru zdravotnictv\u00ed v\u00e1m poskytujeme strategick\u00e9 a technick\u00e9 rady, kter\u00e9 v\u00e1m pomohou zlep\u0161it v\u00fdkon, efektivitu a kvalitu p\u00e9\u010de. Spolupracujte s n\u00e1mi a p\u0159enesme va\u0161e zdravotnick\u00e9 za\u0159\u00edzen\u00ed na dal\u0161\u00ed \u00farove\u0148<\/p>\n<\/div>\n<\/div>\n\n\n\n<div class=\"wp-block-columns alignwide is-layout-flex wp-container-core-columns-is-layout-9d6595d7 wp-block-columns-is-layout-flex\">\n<div class=\"wp-block-column is-vertically-aligned-center is-layout-flow wp-block-column-is-layout-flow\" style=\"flex-basis:650px\"><div class=\"wp-block-image\">\n<figure class=\"aligncenter size-full is-resized\"><img loading=\"lazy\" decoding=\"async\" width=\"640\" height=\"400\" src=\"http:\/\/www.mediho.me\/wp-content\/uploads\/2024\/04\/Obr.V-6.jpeg\" alt=\"\" class=\"wp-image-202\" style=\"width:462px;height:auto\" srcset=\"https:\/\/www.mediho.me\/wp-content\/uploads\/2024\/04\/Obr.V-6.jpeg 640w, https:\/\/www.mediho.me\/wp-content\/uploads\/2024\/04\/Obr.V-6-300x188.jpeg 300w, https:\/\/www.mediho.me\/wp-content\/uploads\/2024\/04\/Obr.V-6-480x300.jpeg 480w\" sizes=\"auto, (max-width: 640px) 100vw, 640px\" \/><\/figure>\n<\/div><\/div>\n\n\n\n<div class=\"wp-block-column is-layout-flow wp-block-column-is-layout-flow\">\n<h3 class=\"wp-block-heading has-text-color\" id=\"consulting\" style=\"color:#2b3861\"><strong>V\u00fdvoj zdravotn\u00edch prost\u0159edk\u016f  <\/strong><\/h3>\n\n\n\n<p class=\"has-text-color\" style=\"color:#273f50\">Na\u0161e firma se specializuje na v\u00fdvoj zdravotnick\u00fdch prost\u0159edk\u016f, kter\u00e9 spl\u0148uj\u00ed nejp\u0159\u00edsn\u011bj\u0161\u00ed regula\u010dn\u00ed standardy a pot\u0159eby modern\u00ed medic\u00edny. D\u00edky na\u0161im odborn\u00fdm znalostem a zku\u0161enostem v oblasti medic\u00ednsk\u00fdch technologi\u00ed dok\u00e1\u017eeme rychle reagovat na m\u011bn\u00edc\u00ed se po\u017eadavky trhu a zajistit, \u017ee na\u0161e produkty zvy\u0161uj\u00ed kvalitu zdravotn\u00ed p\u00e9\u010de. Od konceptu a\u017e po fin\u00e1ln\u00ed produkt se soust\u0159ed\u00edme na preciznost, bezpe\u010dnost a funk\u010dnost, \u010d\u00edm\u017e p\u0159isp\u00edv\u00e1me ke zlep\u0161en\u00ed zdravotn\u00ed p\u00e9\u010de.<\/p>\n\n\n\n<p class=\"has-text-color\" style=\"color:#273f50\">Krom\u011b vlastn\u00edho v\u00fdvoje nab\u00edz\u00edme tak\u00e9 konzulta\u010dn\u00ed slu\u017eby firm\u00e1m, kter\u00e9 se v\u011bnuj\u00ed v\u00fdzkumu a v\u00fdvoji zdravotnick\u00fdch prost\u0159edk\u016f. Pom\u00e1h\u00e1me s n\u00e1vrhem produkt\u016f, optimalizac\u00ed v\u00fdrobn\u00edch proces\u016f a \u0159e\u0161en\u00edm technick\u00fdch i strategick\u00fdch v\u00fdzev. <\/p>\n\n\n\n<p class=\"has-text-color\" style=\"color:#273f50\">Na\u0161e slu\u017eby zahrnuj\u00ed tak\u00e9 podporu v r\u00e1mci go-to-market strategi\u00ed, komercializace a uveden\u00ed zdravotnick\u00fdch prost\u0159edk\u016f na trh. D\u00edky na\u0161im zku\u0161enostem v t\u00e9to oblasti dok\u00e1\u017eeme pomoci s pl\u00e1nov\u00e1n\u00edm marketingov\u00fdch strategi\u00ed, identifikac\u00ed kl\u00ed\u010dov\u00fdch trh\u016f a rozvojem distribu\u010dn\u00edch kan\u00e1l\u016f. Spole\u010dnostem, kter\u00e9 hledaj\u00ed dlouhodob\u00fd \u00fasp\u011bch v oblasti zdravotnick\u00fdch technologi\u00ed, nab\u00edz\u00edme komplexn\u00ed p\u0159\u00edstup od v\u00fdvoje a\u017e po uveden\u00ed produktu na trh.<\/p>\n<\/div>\n<\/div>\n<\/div><\/div>\n\n\n\n<footer class=\"wp-block-group alignwide\"><div class=\"wp-block-group__inner-container is-layout-flow wp-block-group-is-layout-flow\">\n<p class=\"has-text-align-center\" id=\"contact\"><strong><strong>Medihome s.r.o.<\/strong><\/strong>\u00a0<br>Purky\u0148ova 649\/127, Brno, 612 00 \u00a0| \u010cesk\u00e1 Republika\u00a0<\/p>\n\n\n\n<p class=\"has-text-align-center\">I\u010cO: 109 74 512 &nbsp;|  DI\u010c: CZ109 74 512<br>Spisov\u00e1 zna\u010dka:&nbsp;C 123921 veden\u00e1 u Krajsk\u00e9ho soudu v Brn\u011b&nbsp;<\/p>\n\n\n\n<p class=\"has-text-align-center\"><strong>Pobo\u010dka Praha<\/strong>: BUSINESS CENTRUM SM\u00cdCHOV, N\u00e1dra\u017en\u00ed 896\/30, 150 00,&nbsp;Praha Sm\u00edchov &nbsp;| \u010cesk\u00e1 Republika&nbsp;<br>info@mediho.me | +420 737&nbsp;264 467&nbsp;<\/p>\n<\/div><\/footer>\n\n\n\n<p><\/p>\n","protected":false},"excerpt":{"rendered":"<p>Digitalizace zdravotnictv\u00ed zam\u011b\u0159en\u00e9 na pacienty a poskytovatele Jsme tady, abychom propojili inovativn\u00ed technologie s klinickou prax\u00ed a zlep\u0161ili zdravotn\u00ed p\u00e9\u010di. Sledujeme trendy v digit\u00e1ln\u00edm zdravotnictv\u00ed a p\u0159in\u00e1\u0161\u00edme je do praxe, &#8230;<\/p>\n","protected":false},"author":1,"featured_media":0,"parent":0,"menu_order":0,"comment_status":"closed","ping_status":"closed","template":"","meta":{"footnotes":""},"class_list":["post-41","page","type-page","status-publish","hentry"],"_links":{"self":[{"href":"https:\/\/www.mediho.me\/index.php?rest_route=\/wp\/v2\/pages\/41","targetHints":{"allow":["GET"]}}],"collection":[{"href":"https:\/\/www.mediho.me\/index.php?rest_route=\/wp\/v2\/pages"}],"about":[{"href":"https:\/\/www.mediho.me\/index.php?rest_route=\/wp\/v2\/types\/page"}],"author":[{"embeddable":true,"href":"https:\/\/www.mediho.me\/index.php?rest_route=\/wp\/v2\/users\/1"}],"replies":[{"embeddable":true,"href":"https:\/\/www.mediho.me\/index.php?rest_route=%2Fwp%2Fv2%2Fcomments&post=41"}],"version-history":[{"count":45,"href":"https:\/\/www.mediho.me\/index.php?rest_route=\/wp\/v2\/pages\/41\/revisions"}],"predecessor-version":[{"id":243,"href":"https:\/\/www.mediho.me\/index.php?rest_route=\/wp\/v2\/pages\/41\/revisions\/243"}],"wp:attachment":[{"href":"https:\/\/www.mediho.me\/index.php?rest_route=%2Fwp%2Fv2%2Fmedia&parent=41"}],"curies":[{"name":"wp","href":"https:\/\/api.w.org\/{rel}","templated":true}]}}